{"id":422,"date":"2025-10-25T10:33:00","date_gmt":"2025-10-25T10:33:00","guid":{"rendered":"https:\/\/manageripasianssi.fi\/?page_id=422"},"modified":"2025-10-25T10:33:00","modified_gmt":"2025-10-25T10:33:00","slug":"tietosuojaseloste","status":"publish","type":"page","link":"https:\/\/manageripasianssi.fi\/?page_id=422","title":{"rendered":"Tietosuojaseloste"},"content":{"rendered":"\n<h2 class=\"wp-block-heading\">Keit\u00e4 olemme<\/h2>\n\n\n\n<p>Verkkosivustomme osoite on: https:\/\/manageripasianssi.fi. P\u00e4ivitetty 20.10.2025<\/p>\n\n\n\n<p><strong>Mit\u00e4 t\u00e4ss\u00e4 tietosuojaselosteessa k\u00e4sitell\u00e4\u00e4n?<\/strong><\/p>\n\n\n\n<p><strong>T\u00e4ss\u00e4 dokumentissa kerromme, miten k\u00e4sittelemme henkil\u00f6tietoja<\/strong><\/p>\n\n\n\n<p><strong>Yleiset s\u00e4\u00e4nn\u00f6kset<\/strong><\/p>\n\n\n\n<p>1. Henkil\u00f6tietojen rekisterinpit\u00e4j\u00e4, joka noudattaa GDPR &#8211; asetusta on JRR-Service Oy, Y-2522230-4 Hy\u00f6kk\u00e4l\u00e4ntie 12 04300 Tuusula<\/p>\n\n\n\n<p>2. Rekisterinpit\u00e4j\u00e4n yhteystiedot : teija@jrrservice.fi tai 050 465 03 04<\/p>\n\n\n\n<p>3. Henkil\u00f6tietoja ovat kaikki tiedot, jotka liittyv\u00e4t tunnistettuun tai tunnistettavissa olevaan luonnolliseen henkil\u00f6\u00f6n.<\/p>\n\n\n\n<h2 class=\"wp-block-heading\"><\/h2>\n\n\n\n<p><strong>Henkil\u00f6tietojen l\u00e4hde<\/strong><\/p>\n\n\n\n<p>1. Rekisterinpit\u00e4j\u00e4 k\u00e4sittelee asiakkaan suostumuksella saamiaan henkil\u00f6tietoja, jotka on ker\u00e4tty messutapahtumista, webinaareihin ilmoittautumisesta, kotisivujen yhteydenottolomakkeen, s\u00e4hk\u00f6postitilauksen sek\u00e4 puhelimen kautta mm. tarjouspyynt\u00f6\u00e4 varten, tilauksen hankkimiseksi ja t\u00e4ytt\u00e4miseksi sek\u00e4 muun yhteisty\u00f6n vuoksi. Rekisterinpit\u00e4j\u00e4 k\u00e4sittelee my\u00f6s ulkopuoliselta toimijalta ostettuja yritysasiakasrekistereit\u00e4.<\/p>\n\n\n\n<p>2. Rekisterinpit\u00e4j\u00e4 k\u00e4sittelee vain asiakkaan tunnistetiedot ja yhteystiedot, jotka ovat v\u00e4ltt\u00e4m\u00e4tt\u00f6mi\u00e4 ostosopimuksen t\u00e4ytt\u00e4miseksi;&nbsp;<strong>yritysasiakas:<\/strong>&nbsp;yritys, p\u00e4\u00e4tt\u00e4j\u00e4, puhelinnumero, s\u00e4hk\u00f6posti, nimi ja osoite.<\/p>\n\n\n\n<h2 class=\"wp-block-heading\"><\/h2>\n\n\n\n<p><strong>Tietojenk\u00e4sittelyn tarkoitus&nbsp;<\/strong><\/p>\n\n\n\n<p>Rekisterinpit\u00e4j\u00e4 k\u00e4sittelee Asiakkaan henkil\u00f6tietoja seuraavissa tarkoituksissa:<\/p>\n\n\n\n<p>1. Tilauksen toimitus GDPR:n luvun 4 jakson 2 mukaisesti;<\/p>\n\n\n\n<p>2. Asiakkaan luoma s\u00e4hk\u00f6inen tilaus (nimi, osoite, s\u00e4hk\u00f6posti, puhelinnumero);<\/p>\n\n\n\n<p>3. Noudattaa Asiakkaan ja Rekisterinpit\u00e4j\u00e4n v\u00e4lisest\u00e4 sopimussuhteesta johtuvaa lakia ja m\u00e4\u00e4r\u00e4yksi\u00e4;<\/p>\n\n\n\n<p>4. Henkil\u00f6tiedot ovat v\u00e4ltt\u00e4m\u00e4tt\u00f6mi\u00e4 ostosopimuksen t\u00e4ytt\u00e4miseksi. Sopimusta ei voida tehd\u00e4 ilman henkil\u00f6kohtaisia tietoja.<\/p>\n\n\n\n<p><strong>Tietojen luovutus:<\/strong><\/p>\n\n\n\n<p>1. Tietoja jaetaan JRR Service Oy:n organisaation sis\u00e4ll\u00e4 vain laajuudessa, joka on tarpeellista palveluiden suorittamisen ja kehitt\u00e4misen puolesta.<\/p>\n\n\n\n<p>2. Henkil\u00f6tietoja luovutetaan palvelun toimittaville ty\u00f6nsuorittajille (JRR Service Oy:n kanssa palvelu- ja salassapitosopimuksen tehneet alihankkijat) siin\u00e4 m\u00e4\u00e4rin kuin on palvelun toteuttaminen edellytt\u00e4\u00e4.<\/p>\n\n\n\n<p><strong>Henkil\u00f6tietojen tallennuksen kesto<\/strong><\/p>\n\n\n\n<p>1. Rekisterinpit\u00e4j\u00e4 tallentaa henkil\u00f6tietoja niin kauan kuin on tarpeen rekisterinpit\u00e4j\u00e4n ja asiakkaan tai yhteisty\u00f6kumppanin v\u00e4lisest\u00e4 sopimussuhteesta johtuvien oikeuksien ja velvoitteiden t\u00e4ytt\u00e4miseksi.<\/p>\n\n\n\n<p>2. Rekisterinpit\u00e4j\u00e4n on poistettava kaikki henkil\u00f6kohtaiset tiedot henkil\u00f6tietojen s\u00e4ilytt\u00e4miseen asiakkaan niin pyyt\u00e4ess\u00e4.<\/p>\n\n\n\n<p>3. Rekisterin henkil\u00f6tietoja k\u00e4ytet\u00e4\u00e4n asiakassuhteen yll\u00e4pitoon, kehitt\u00e4miseen sek\u00e4 hoitamiseen. Henkil\u00f6rekisteritietoja k\u00e4ytet\u00e4\u00e4n my\u00f6s j\u00e4lkimarkkinointiin s\u00e4hk\u00f6postilla sek\u00e4 facebook ett\u00e4 instagram kanavissa.<\/p>\n\n\n\n<p>4. Henkil\u00f6tietoja s\u00e4ilytet\u00e4\u00e4n ja k\u00e4sitell\u00e4\u00e4n suojatusti, jota hallinnoimme yhdess\u00e4 palveluntarjoajan kanssa.&nbsp;<\/p>\n\n\n\n<p>K\u00e4ytt\u00e4m\u00e4ll\u00e4 palveluita k\u00e4ytt\u00e4j\u00e4 hyv\u00e4ksyy, ett\u00e4 yritys voi tarvittaessa l\u00e4hett\u00e4\u00e4 s\u00e4hk\u00f6postin v\u00e4lityksell\u00e4 my\u00f6s suoramarkkinointi-, suoramainonta-, mielipide-, markkinointitutkimusmateriaalia ja\/tai muihin n\u00e4ihin rinnastettaviin osoitteellisiin l\u00e4hetyksiin<\/p>\n\n\n\n<h2 class=\"wp-block-heading\"><\/h2>\n\n\n\n<p><strong>Ev\u00e4steet:<\/strong><\/p>\n\n\n\n<p>K\u00e4yt\u00e4mme verkkosivuillamme ev\u00e4steit\u00e4 parantaaksemme k\u00e4ytt\u00e4j\u00e4kokemusta, analysoidaksemme liikennett\u00e4 ja tarjotaksemme kohdennettuja mainoksia.<\/p>\n\n\n\n<p><strong>Asiakkaan oikeudet&nbsp;<\/strong><\/p>\n\n\n\n<p>Asetuksen mukaisesti asiakkaalla on oikeus:&nbsp;<\/p>\n\n\n\n<p>1. oikeus tutustua henkil\u00f6tietoihin;&nbsp;<\/p>\n\n\n\n<p>2. oikeus henkil\u00f6tietojen oikaisuun&nbsp;<\/p>\n\n\n\n<p>3. oikeus henkil\u00f6tietojen poistamiseen;&nbsp;<\/p>\n\n\n\n<p>4. oikeus vastustaa henkil\u00f6tietojen k\u00e4sittely\u00e4;<\/p>\n\n\n\n<p>5. oikeus peruuttaa suostumuksensa henkil\u00f6tietojen k\u00e4sittelyyn kirjallisesti tai s\u00e4hk\u00f6postitse osoitteeseen: teija@jrrservice.fi<\/p>\n\n\n\n<p>6. oikeus esitt\u00e4\u00e4 valitus valvontaviranomaiselle, jos ep\u00e4ill\u00e4\u00e4n asetuksen rikkomista.<\/p>\n\n\n\n<p><strong>Henkil\u00f6tietojen turvallisuus<\/strong><\/p>\n\n\n\n<p>1. Rekisterinpit\u00e4j\u00e4 sitoutuu toteuttamaan kaikki tekniset ja organisatoriset varotoimet, jotka ovat tarpeen henkil\u00f6tietojen suojaamiseksi.&nbsp;<\/p>\n\n\n\n<p>2. Rekisterinpit\u00e4j\u00e4 on tehnyt teknisi\u00e4 varotoimenpiteit\u00e4 tietojen tallennustilojen turvaamiseksi, erityisesti varmistanut p\u00e4\u00e4syn tietokoneelle salasanan avulla, k\u00e4ytt\u00e4nyt virustentorjuntaohjelmistoa ja yll\u00e4pit\u00e4nyt tietokoneita s\u00e4\u00e4nn\u00f6llisesti.&nbsp;<\/p>\n\n\n\n<p><strong>Loppus\u00e4\u00e4nn\u00f6kset<\/strong><\/p>\n\n\n\n<p>1. Tekem\u00e4ll\u00e4 s\u00e4hk\u00f6isen tilauksen rekisterinpit\u00e4j\u00e4n kanssa, asiakas vakuuttaa olevansa tietoinen kaikista henkil\u00f6tietosuojaehdoista ja hyv\u00e4ksyy ne t\u00e4ysimittaisesti<\/p>\n\n\n\n<p>2. Rekisterinpit\u00e4j\u00e4 voi p\u00e4ivitt\u00e4\u00e4 n\u00e4m\u00e4 s\u00e4\u00e4nn\u00f6t milloin tahansa.<\/p>\n\n\n\n<h2 class=\"wp-block-heading\">Muuta:<\/h2>\n\n\n\n<p>T\u00e4m\u00e4n sivuston artikkelit voivat sis\u00e4lt\u00e4\u00e4 upotettua sis\u00e4lt\u00f6\u00e4 (esimerkiksi videoita, kuvia, artikkeleita jne.). Toisilta sivustoilta tuodun upotetun sis\u00e4ll\u00f6n avaaminen on verrattavissa siihen, ett\u00e4 vierailija itse k\u00e4visi kolmannen osapuolen sivustolla.<\/p>\n\n\n\n<p>N\u00e4m\u00e4 sivustot voivat ker\u00e4t\u00e4 tietoa sinusta, k\u00e4ytt\u00e4\u00e4 ev\u00e4steit\u00e4, upottaa kolmannen osapuolen seurantaev\u00e4steit\u00e4 ja monitoroida vuorovaikutustasi upotetun sis\u00e4ll\u00f6n kanssa, mukaan lukien vuorovaikutuksen seuranta jos ja kun olet kirjautunut k\u00e4ytt\u00e4j\u00e4n\u00e4 sivustolle.<\/p>\n\n\n\n<h2 class=\"wp-block-heading\"><\/h2>\n\n\n\n<h2 class=\"wp-block-heading\"><\/h2>\n\n\n\n<p><\/p>\n\n\n\n<h2 class=\"wp-block-heading\"><\/h2>\n\n\n\n<h2 class=\"wp-block-heading\"><\/h2>\n\n\n\n<p><\/p>\n","protected":false},"excerpt":{"rendered":"<p>Keit\u00e4 olemme Verkkosivustomme osoite on: https:\/\/manageripasianssi.fi. P\u00e4ivitetty 20.10.2025 Mit\u00e4 t\u00e4ss\u00e4 tietosuojaselosteessa k\u00e4sitell\u00e4\u00e4n? T\u00e4ss\u00e4 [&hellip;]<\/p>\n","protected":false},"author":1,"featured_media":0,"parent":0,"menu_order":0,"comment_status":"closed","ping_status":"closed","template":"","meta":{"footnotes":""},"class_list":["post-422","page","type-page","status-publish","hentry"],"_links":{"self":[{"href":"https:\/\/manageripasianssi.fi\/index.php?rest_route=\/wp\/v2\/pages\/422","targetHints":{"allow":["GET"]}}],"collection":[{"href":"https:\/\/manageripasianssi.fi\/index.php?rest_route=\/wp\/v2\/pages"}],"about":[{"href":"https:\/\/manageripasianssi.fi\/index.php?rest_route=\/wp\/v2\/types\/page"}],"author":[{"embeddable":true,"href":"https:\/\/manageripasianssi.fi\/index.php?rest_route=\/wp\/v2\/users\/1"}],"replies":[{"embeddable":true,"href":"https:\/\/manageripasianssi.fi\/index.php?rest_route=%2Fwp%2Fv2%2Fcomments&post=422"}],"version-history":[{"count":1,"href":"https:\/\/manageripasianssi.fi\/index.php?rest_route=\/wp\/v2\/pages\/422\/revisions"}],"predecessor-version":[{"id":423,"href":"https:\/\/manageripasianssi.fi\/index.php?rest_route=\/wp\/v2\/pages\/422\/revisions\/423"}],"wp:attachment":[{"href":"https:\/\/manageripasianssi.fi\/index.php?rest_route=%2Fwp%2Fv2%2Fmedia&parent=422"}],"curies":[{"name":"wp","href":"https:\/\/api.w.org\/{rel}","templated":true}]}}