{"id":2,"date":"2025-10-20T19:29:46","date_gmt":"2025-10-20T19:29:46","guid":{"rendered":"https:\/\/manageripasianssi.fi\/?page_id=2"},"modified":"2025-10-22T04:32:35","modified_gmt":"2025-10-22T04:32:35","slug":"sample-page","status":"publish","type":"page","link":"https:\/\/manageripasianssi.fi\/?page_id=2","title":{"rendered":"Meist\u00e4"},"content":{"rendered":"\n<p>Johtamisen pelillist\u00e4misen takana on&nbsp;<strong>kokenut johtaja tiimins\u00e4 kanssa<\/strong>, joka on tuonut vuosien kokemuksen ja n\u00e4kemyksen pelin konseptin ytimeen.<\/p>\n\n\n\n<p>Peliemme taustalla kohtaa kaksi maailmaa:&nbsp;<strong>pasianssin tarkkuus<\/strong>&nbsp;ja&nbsp;<strong>amerikkalaisen jalkapallon rytmi<\/strong>.<\/p>\n\n\n\n<p>Amerikkalainen jalkapallo n\u00e4ytt\u00e4\u00e4 ulosp\u00e4in kaoottiselta: t\u00f6rm\u00e4yksi\u00e4, huutoja, nopeita liikkeit\u00e4. Pinnan alla peli on tarkkaa taktiikkaa, roolien yhteispeli\u00e4 ja \u00e4\u00e4rimm\u00e4ist\u00e4 kurinalaisuutta. Jokainen pelaaja tiet\u00e4\u00e4 oman teht\u00e4v\u00e4ns\u00e4, ja vain silloin koko koneisto toimii. Pelinrakentaja ei ole vain sy\u00f6tt\u00e4j\u00e4 \u2013 h\u00e4n on johtaja, n\u00e4kij\u00e4 ja riskinottaja. H\u00e4n lukee peli\u00e4, luottaa tiimiin ja kantaa vastuun jokaisesta siirrosta. Pelinrakentajan johtaminen ei ole k\u00e4skytt\u00e4mist\u00e4, vaan yhteisen rytmin l\u00f6yt\u00e4mist\u00e4.<\/p>\n\n\n\n<p>Pasianssi puolestaan opettaa&nbsp;<strong>keskittymist\u00e4, harkintaa ja kokonaisuuden hahmottamista<\/strong>. Se haastaa tekem\u00e4\u00e4n oikeita valintoja ja hallitsemaan rytmi\u00e4 \u2013 omaa ja pelin.<\/p>\n\n\n\n<p>Kun n\u00e4m\u00e4 kaksi maailmaa yhdistyv\u00e4t, syntyy peli, joka opettaa&nbsp;<strong>johtamaan itse\u00e4\u00e4n ja tiimi\u00e4 samaan aikaan<\/strong>.<\/p>\n\n\n\n<ul class=\"wp-block-list\">\n<li><strong>Sis\u00e4inen peli<\/strong>: selkeys, harkinta, rauha \u2013 pasianssin kautta.<\/li>\n\n\n\n<li><strong>Ulkoiset liikkeet<\/strong>: yhteisty\u00f6, rytmi, tiimin voima \u2013 amerikkalaisen jalkapallon kautta.<\/li>\n<\/ul>\n\n\n\n<p>Tulos? Johtaja, joka&nbsp;<strong>n\u00e4kee ison kuvan, tekee ratkaisuja paineen alla ja johtaa rytmi\u00e4, ei vain toimintaa<\/strong>. Peli, jossa oivalletaan ja tehd\u00e4\u00e4n yhdess\u00e4 \u2013 samalla kun jokainen siirto vie kohti yhteist\u00e4 voittoa.<\/p>\n","protected":false},"excerpt":{"rendered":"<p>Johtamisen pelillist\u00e4misen takana on&nbsp;kokenut johtaja tiimins\u00e4 kanssa, joka on tuonut vuosien kokemuksen ja [&hellip;]<\/p>\n","protected":false},"author":1,"featured_media":0,"parent":0,"menu_order":0,"comment_status":"closed","ping_status":"open","template":"","meta":{"footnotes":""},"class_list":["post-2","page","type-page","status-publish","hentry"],"_links":{"self":[{"href":"https:\/\/manageripasianssi.fi\/index.php?rest_route=\/wp\/v2\/pages\/2","targetHints":{"allow":["GET"]}}],"collection":[{"href":"https:\/\/manageripasianssi.fi\/index.php?rest_route=\/wp\/v2\/pages"}],"about":[{"href":"https:\/\/manageripasianssi.fi\/index.php?rest_route=\/wp\/v2\/types\/page"}],"author":[{"embeddable":true,"href":"https:\/\/manageripasianssi.fi\/index.php?rest_route=\/wp\/v2\/users\/1"}],"replies":[{"embeddable":true,"href":"https:\/\/manageripasianssi.fi\/index.php?rest_route=%2Fwp%2Fv2%2Fcomments&post=2"}],"version-history":[{"count":1,"href":"https:\/\/manageripasianssi.fi\/index.php?rest_route=\/wp\/v2\/pages\/2\/revisions"}],"predecessor-version":[{"id":158,"href":"https:\/\/manageripasianssi.fi\/index.php?rest_route=\/wp\/v2\/pages\/2\/revisions\/158"}],"wp:attachment":[{"href":"https:\/\/manageripasianssi.fi\/index.php?rest_route=%2Fwp%2Fv2%2Fmedia&parent=2"}],"curies":[{"name":"wp","href":"https:\/\/api.w.org\/{rel}","templated":true}]}}